{"id":1443,"date":"2025-07-24T14:30:27","date_gmt":"2025-07-24T19:30:27","guid":{"rendered":"https:\/\/ganemsuites.com.co\/?page_id=1443"},"modified":"2025-09-01T10:00:55","modified_gmt":"2025-09-01T15:00:55","slug":"politicas-y-condiciones-2","status":"publish","type":"page","link":"https:\/\/ganemsuites.com.co\/en\/politicas-y-condiciones-2\/","title":{"rendered":"Pol\u00edticas y Condiciones"},"content":{"rendered":"\t\t<div data-elementor-type=\"wp-page\" data-elementor-id=\"1443\" class=\"elementor elementor-1443\" data-elementor-post-type=\"page\">\n\t\t\t\t<div class=\"elementor-element elementor-element-83741d7 e-con-full e-flex e-con e-parent\" data-id=\"83741d7\" data-element_type=\"container\" data-e-type=\"container\" data-settings=\"{&quot;background_background&quot;:&quot;slideshow&quot;,&quot;background_slideshow_gallery&quot;:[{&quot;id&quot;:2278,&quot;url&quot;:&quot;https:\\\/\\\/ganemsuites.com.co\\\/wp-content\\\/uploads\\\/2025\\\/07\\\/Ticoangulo.com-Tico-Angulo-Ganem-Suites_ICO3958-1-2-scaled.webp&quot;},{&quot;id&quot;:2339,&quot;url&quot;:&quot;https:\\\/\\\/ganemsuites.com.co\\\/wp-content\\\/uploads\\\/2025\\\/07\\\/Ganem-Suits-Tico-Angulo-Cartagena-Centro-historico-TIC02815-1-scaled.webp&quot;}],&quot;background_slideshow_transition_duration&quot;:900,&quot;background_slideshow_loop&quot;:&quot;yes&quot;,&quot;background_slideshow_slide_duration&quot;:5000,&quot;background_slideshow_slide_transition&quot;:&quot;fade&quot;}\">\n\t\t\t\t<div class=\"elementor-element elementor-element-eaf8302 elementor-widget elementor-widget-theme-post-title elementor-page-title elementor-widget-heading\" data-id=\"eaf8302\" data-element_type=\"widget\" data-e-type=\"widget\" data-widget_type=\"theme-post-title.default\">\n\t\t\t\t\t<h1 class=\"elementor-heading-title elementor-size-default\">Pol\u00edticas y Condiciones<\/h1>\t\t\t\t<\/div>\n\t\t\t\t<\/div>\n\t\t<div class=\"elementor-element elementor-element-a5eebac e-flex e-con-boxed e-con e-parent\" data-id=\"a5eebac\" data-element_type=\"container\" data-e-type=\"container\">\n\t\t\t\t\t<div class=\"e-con-inner\">\n\t\t\t\t<div class=\"elementor-element elementor-element-78c2ea0 elementor-widget elementor-widget-text-editor\" data-id=\"78c2ea0\" data-element_type=\"widget\" data-e-type=\"widget\" data-widget_type=\"text-editor.default\">\n\t\t\t\t\t\t\t\t\t<h1><b>REGLAMENTO PARA HU\u00c9SPEDES EDIFICIO SALOM\u00d3N GANEM<\/b><\/h1><h1><b>DISPOSICIONES GENERALES<\/b><\/h1><p><span style=\"font-weight: 400;\">Por el cual se establecen normas de convivencia, seguridad en relaci\u00f3n con las damas de compa\u00f1\u00eda de personas que ingresen en calidad de hu\u00e9spedes.<\/span><span style=\"font-weight: 400;\"><br \/><\/span><span style=\"font-weight: 400;\">El presente reglamento es de obligatoria observancia para todos los hu\u00e9spedes de las unidades privadas del edificio GANEM.<\/span><\/p><p><span style=\"font-weight: 400;\">\u00a0<\/span><\/p><h1><b>CONDICIONES DE ADMISI\u00d3N<\/b><\/h1><h2><b>ART\u00cdCULO 2:<\/b><\/h2><p><span style=\"font-weight: 400;\">Quienes ingresen en calidad de hu\u00e9spedes a la copropiedad EDIFICIO SALOM\u00d3N GANEM: deber\u00e1n cumplir los siguientes requisitos previos a su ingreso:<\/span><\/p><ol><li style=\"font-weight: 400;\" aria-level=\"1\"><span style=\"font-weight: 400;\">Identificarse con nombre completo y documento de identidad<\/span><\/li><li style=\"font-weight: 400;\" aria-level=\"1\"><span style=\"font-weight: 400;\">Estar autorizados en la administraci\u00f3n con anterioridad<\/span><\/li><li style=\"font-weight: 400;\" aria-level=\"1\"><span style=\"font-weight: 400;\">El acompa\u00f1ante debe estar previamente identificado y autorizado<\/span><\/li><\/ol><p><span style=\"font-weight: 400;\">\u00a0<\/span><\/p><h2><b>ART\u00cdCULO 3:<\/b><\/h2><p><span style=\"font-weight: 400;\">Todo hu\u00e9sped se har\u00e1 responsable por los da\u00f1os que cause el o sus acompa\u00f1antes a los bienes comunes: estos da\u00f1os ser\u00e1n valorados y facturados por la administraci\u00f3n al propietario de unidad privada, previa notificaci\u00f3n por escrito. En cualquier circunstancia, el propietario al autorizar el ingreso de un hu\u00e9sped es responsable del comportamiento de su hu\u00e9sped la cual deber\u00e1 someterse al presente reglamento.<\/span><\/p><p><span style=\"font-weight: 400;\">\u00a0<\/span><\/p><h2><b>ART\u00cdCULO 4:<\/b><\/h2><h2><b>PROHIBICIONES<\/b><\/h2><ul><li style=\"font-weight: 400;\" aria-level=\"1\"><span style=\"font-weight: 400;\">Se proh\u00edbe la prostituci\u00f3n en las unidades privadas<\/span><\/li><li style=\"font-weight: 400;\" aria-level=\"1\"><span style=\"font-weight: 400;\">La realizaci\u00f3n de fiestas, mini tecas, o cualquier otra actividad que genere ruido o perturbaci\u00f3n a los dem\u00e1s residentes de la copropiedad.<\/span><\/li><li style=\"font-weight: 400;\" aria-level=\"1\"><span style=\"font-weight: 400;\">La utilizaci\u00f3n de equipos de sonido en los balcones de la copropiedad ni en las zonas comunes.<\/span><\/li><li style=\"font-weight: 400;\" aria-level=\"1\"><span style=\"font-weight: 400;\">Expendio de sustancias psicoactivas o consumos por parte del hu\u00e9sped en las unidades residenciales.<\/span><\/li><li style=\"font-weight: 400;\" aria-level=\"1\"><span style=\"font-weight: 400;\">Se proh\u00edbe el ingreso de damas de compa\u00f1\u00eda a la copropiedad.<\/span><\/li><li style=\"font-weight: 400;\" aria-level=\"1\"><span style=\"font-weight: 400;\">Se proh\u00edbe el ingreso de cualquier acompa\u00f1ante que se tenga conocimiento que presta sus servicios como scorts en esta ciudad.<\/span><\/li><\/ul><p><span style=\"font-weight: 400;\">\u00a0<\/span><\/p><h2><b>ART\u00cdCULO 5:<\/b><\/h2><p><span style=\"font-weight: 400;\">Se proh\u00edbe el turismo sexual de acuerdo a lo estipulado en el art\u00edculo 17 de la Ley 679 de 2001 y Ley 1098 de 2006, por lo que se le proh\u00edbe a cualquier hu\u00e9sped ingresar a la copropiedad en compa\u00f1\u00eda de un menor de edad de cualquier sexo que no sea familiar (hijo y dem\u00e1s), con el fin de proteger a los menores de edad de toda forma de explotaci\u00f3n y violencia sexual originada por turistas nacionales o extranjeros.<\/span><\/p><p><span style=\"font-weight: 400;\">\u00a0<\/span><\/p><h2><b>ART\u00cdCULO 6:<\/b><\/h2><p><span style=\"font-weight: 400;\">Si el hu\u00e9sped o acompa\u00f1ante vulneran lo establecido en este reglamento, la administraci\u00f3n del EDIFICIO SALOM\u00d3N GANEM, solicitar\u00e1 de inmediato a la prestadora del servicio tur\u00edstico, dar por terminado el contrato y consecuencialmente, proceder\u00e1 a retirarlo de las instalaciones de la copropiedad. Igualmente, la copropiedad podr\u00e1 acudir al amparo de la Polic\u00eda Nacional, seg\u00fan lo reglamentado en el art\u00edculo 32 del C\u00f3digo Nacional de Polic\u00eda. Desde la fecha que entra en vigencia este reglamento, quedan sin efecto las disposiciones del reglamento que antes de esta fecha, haya tenido esta copropiedad.<\/span><\/p><p><span style=\"font-weight: 400;\">\u00a0<\/span><\/p><h1><b>REGISTRO DE MENORES DE EDAD<\/b><\/h1><p><span style=\"font-weight: 400;\">Si viaja con su(s) hijo(s) menor(es) de 18 a\u00f1os, debe presentar el documento de identificaci\u00f3n del(los) menor(es) de edad (registro civil), que demuestre la existencia del parentesco. Si el(los) menor(es) de edad no viaja(n) en compa\u00f1\u00eda de sus padres, usted deber\u00e1 entregar en la recepci\u00f3n, adicionalmente al documento de identificaci\u00f3n del menor (registro civil), el permiso de los padres, el cual deber\u00e1 estar autenticado por un Notario y acompa\u00f1ado de la copia del documento de identificaci\u00f3n de quienes dieron la autorizaci\u00f3n. Sin esta documentaci\u00f3n no se permite el ingreso de los menores de edad al hotel. Lo anterior en desarrollo a lo dispuesto en la Ley 679 de 2001, Estatuto para Prevenir la Explotaci\u00f3n Sexual de Ni\u00f1os, Ni\u00f1as y Adolescentes y sus normas concordantes.<\/span><\/p>\t\t\t\t\t\t\t\t<\/div>\n\t\t\t\t\t<\/div>\n\t\t\t\t<\/div>\n\t\t\t\t<\/div>\n\t\t","protected":false},"excerpt":{"rendered":"<p>REGLAMENTO PARA HU\u00c9SPEDES EDIFICIO SALOM\u00d3N GANEM DISPOSICIONES GENERALES Por el cual se establecen normas de convivencia, seguridad en relaci\u00f3n con las damas de compa\u00f1\u00eda de personas que ingresen en calidad de hu\u00e9spedes.El presente reglamento es de obligatoria observancia para todos los hu\u00e9spedes de las unidades privadas del edificio GANEM. \u00a0 CONDICIONES DE ADMISI\u00d3N ART\u00cdCULO 2: [&hellip;]<\/p>\n","protected":false},"author":2,"featured_media":0,"parent":0,"menu_order":0,"comment_status":"closed","ping_status":"closed","template":"","meta":{"_joinchat":[],"footnotes":""},"class_list":["post-1443","page","type-page","status-publish","hentry"],"yoast_head":"<!-- This site is optimized with the Yoast SEO plugin v27.3 - https:\/\/yoast.com\/product\/yoast-seo-wordpress\/ -->\n<title>Pol\u00edticas y Condiciones - Ganem Suites<\/title>\n<meta name=\"robots\" content=\"index, follow, max-snippet:-1, max-image-preview:large, max-video-preview:-1\" \/>\n<link rel=\"canonical\" href=\"https:\/\/ganemsuites.com.co\/en\/politicas-y-condiciones-2\/\" \/>\n<meta property=\"og:locale\" content=\"en_US\" \/>\n<meta property=\"og:type\" content=\"article\" \/>\n<meta property=\"og:title\" content=\"Pol\u00edticas y Condiciones - Ganem Suites\" \/>\n<meta property=\"og:description\" content=\"REGLAMENTO PARA HU\u00c9SPEDES EDIFICIO SALOM\u00d3N GANEM DISPOSICIONES GENERALES Por el cual se establecen normas de convivencia, seguridad en relaci\u00f3n con las damas de compa\u00f1\u00eda de personas que ingresen en calidad de hu\u00e9spedes.El presente reglamento es de obligatoria observancia para todos los hu\u00e9spedes de las unidades privadas del edificio GANEM. \u00a0 CONDICIONES DE ADMISI\u00d3N ART\u00cdCULO 2: [&hellip;]\" \/>\n<meta property=\"og:url\" content=\"https:\/\/ganemsuites.com.co\/en\/politicas-y-condiciones-2\/\" \/>\n<meta property=\"og:site_name\" content=\"Ganem Suites\" \/>\n<meta property=\"article:modified_time\" content=\"2025-09-01T15:00:55+00:00\" \/>\n<meta name=\"twitter:card\" content=\"summary_large_image\" \/>\n<meta name=\"twitter:label1\" content=\"Est. reading time\" \/>\n\t<meta name=\"twitter:data1\" content=\"3 minutes\" \/>\n<script type=\"application\/ld+json\" class=\"yoast-schema-graph\">{\"@context\":\"https:\\\/\\\/schema.org\",\"@graph\":[{\"@type\":\"WebPage\",\"@id\":\"https:\\\/\\\/ganemsuites.com.co\\\/politicas-y-condiciones-2\\\/\",\"url\":\"https:\\\/\\\/ganemsuites.com.co\\\/politicas-y-condiciones-2\\\/\",\"name\":\"Pol\u00edticas y Condiciones - Ganem Suites\",\"isPartOf\":{\"@id\":\"https:\\\/\\\/ganemsuites.com.co\\\/#website\"},\"datePublished\":\"2025-07-24T19:30:27+00:00\",\"dateModified\":\"2025-09-01T15:00:55+00:00\",\"breadcrumb\":{\"@id\":\"https:\\\/\\\/ganemsuites.com.co\\\/politicas-y-condiciones-2\\\/#breadcrumb\"},\"inLanguage\":\"en-US\",\"potentialAction\":[{\"@type\":\"ReadAction\",\"target\":[\"https:\\\/\\\/ganemsuites.com.co\\\/politicas-y-condiciones-2\\\/\"]}]},{\"@type\":\"BreadcrumbList\",\"@id\":\"https:\\\/\\\/ganemsuites.com.co\\\/politicas-y-condiciones-2\\\/#breadcrumb\",\"itemListElement\":[{\"@type\":\"ListItem\",\"position\":1,\"name\":\"Portada\",\"item\":\"https:\\\/\\\/ganemsuites.com.co\\\/\"},{\"@type\":\"ListItem\",\"position\":2,\"name\":\"Pol\u00edticas y Condiciones\"}]},{\"@type\":\"WebSite\",\"@id\":\"https:\\\/\\\/ganemsuites.com.co\\\/#website\",\"url\":\"https:\\\/\\\/ganemsuites.com.co\\\/\",\"name\":\"Ganem Suites\",\"description\":\"Viva como un local en nuestros apartamentos residenciales de lujo\",\"potentialAction\":[{\"@type\":\"SearchAction\",\"target\":{\"@type\":\"EntryPoint\",\"urlTemplate\":\"https:\\\/\\\/ganemsuites.com.co\\\/?s={search_term_string}\"},\"query-input\":{\"@type\":\"PropertyValueSpecification\",\"valueRequired\":true,\"valueName\":\"search_term_string\"}}],\"inLanguage\":\"en-US\"}]}<\/script>\n<!-- \/ Yoast SEO plugin. -->","yoast_head_json":{"title":"Pol\u00edticas y Condiciones - Ganem Suites","robots":{"index":"index","follow":"follow","max-snippet":"max-snippet:-1","max-image-preview":"max-image-preview:large","max-video-preview":"max-video-preview:-1"},"canonical":"https:\/\/ganemsuites.com.co\/en\/politicas-y-condiciones-2\/","og_locale":"en_US","og_type":"article","og_title":"Pol\u00edticas y Condiciones - Ganem Suites","og_description":"REGLAMENTO PARA HU\u00c9SPEDES EDIFICIO SALOM\u00d3N GANEM DISPOSICIONES GENERALES Por el cual se establecen normas de convivencia, seguridad en relaci\u00f3n con las damas de compa\u00f1\u00eda de personas que ingresen en calidad de hu\u00e9spedes.El presente reglamento es de obligatoria observancia para todos los hu\u00e9spedes de las unidades privadas del edificio GANEM. \u00a0 CONDICIONES DE ADMISI\u00d3N ART\u00cdCULO 2: [&hellip;]","og_url":"https:\/\/ganemsuites.com.co\/en\/politicas-y-condiciones-2\/","og_site_name":"Ganem Suites","article_modified_time":"2025-09-01T15:00:55+00:00","twitter_card":"summary_large_image","twitter_misc":{"Est. reading time":"3 minutes"},"schema":{"@context":"https:\/\/schema.org","@graph":[{"@type":"WebPage","@id":"https:\/\/ganemsuites.com.co\/politicas-y-condiciones-2\/","url":"https:\/\/ganemsuites.com.co\/politicas-y-condiciones-2\/","name":"Pol\u00edticas y Condiciones - Ganem Suites","isPartOf":{"@id":"https:\/\/ganemsuites.com.co\/#website"},"datePublished":"2025-07-24T19:30:27+00:00","dateModified":"2025-09-01T15:00:55+00:00","breadcrumb":{"@id":"https:\/\/ganemsuites.com.co\/politicas-y-condiciones-2\/#breadcrumb"},"inLanguage":"en-US","potentialAction":[{"@type":"ReadAction","target":["https:\/\/ganemsuites.com.co\/politicas-y-condiciones-2\/"]}]},{"@type":"BreadcrumbList","@id":"https:\/\/ganemsuites.com.co\/politicas-y-condiciones-2\/#breadcrumb","itemListElement":[{"@type":"ListItem","position":1,"name":"Portada","item":"https:\/\/ganemsuites.com.co\/"},{"@type":"ListItem","position":2,"name":"Pol\u00edticas y Condiciones"}]},{"@type":"WebSite","@id":"https:\/\/ganemsuites.com.co\/#website","url":"https:\/\/ganemsuites.com.co\/","name":"Ganem Suites","description":"Viva como un local en nuestros apartamentos residenciales de lujo","potentialAction":[{"@type":"SearchAction","target":{"@type":"EntryPoint","urlTemplate":"https:\/\/ganemsuites.com.co\/?s={search_term_string}"},"query-input":{"@type":"PropertyValueSpecification","valueRequired":true,"valueName":"search_term_string"}}],"inLanguage":"en-US"}]}},"_links":{"self":[{"href":"https:\/\/ganemsuites.com.co\/en\/wp-json\/wp\/v2\/pages\/1443","targetHints":{"allow":["GET"]}}],"collection":[{"href":"https:\/\/ganemsuites.com.co\/en\/wp-json\/wp\/v2\/pages"}],"about":[{"href":"https:\/\/ganemsuites.com.co\/en\/wp-json\/wp\/v2\/types\/page"}],"author":[{"embeddable":true,"href":"https:\/\/ganemsuites.com.co\/en\/wp-json\/wp\/v2\/users\/2"}],"replies":[{"embeddable":true,"href":"https:\/\/ganemsuites.com.co\/en\/wp-json\/wp\/v2\/comments?post=1443"}],"version-history":[{"count":21,"href":"https:\/\/ganemsuites.com.co\/en\/wp-json\/wp\/v2\/pages\/1443\/revisions"}],"predecessor-version":[{"id":3208,"href":"https:\/\/ganemsuites.com.co\/en\/wp-json\/wp\/v2\/pages\/1443\/revisions\/3208"}],"wp:attachment":[{"href":"https:\/\/ganemsuites.com.co\/en\/wp-json\/wp\/v2\/media?parent=1443"}],"curies":[{"name":"wp","href":"https:\/\/api.w.org\/{rel}","templated":true}]}}